{"id":1255,"date":"2023-05-29T21:39:49","date_gmt":"2023-05-29T20:39:49","guid":{"rendered":"https:\/\/prettysweet.no\/?page_id=1255"},"modified":"2026-02-12T14:50:56","modified_gmt":"2026-02-12T13:50:56","slug":"personvern","status":"publish","type":"page","link":"https:\/\/prettysweet.no\/en\/personvern\/","title":{"rendered":"Personvern"},"content":{"rendered":"<div data-elementor-type=\"wp-page\" data-elementor-id=\"1255\" class=\"elementor elementor-1255\" data-elementor-post-type=\"page\">\n\t\t\t\t<div data-particle_enable=\"false\" data-particle-mobile-disabled=\"false\" class=\"elementor-element elementor-element-dff3251 e-flex e-con-boxed e-con e-parent\" data-id=\"dff3251\" data-element_type=\"container\" data-e-type=\"container\" data-settings=\"{&quot;background_background&quot;:&quot;classic&quot;}\">\n\t\t\t\t\t<div class=\"e-con-inner\">\n\t\t\t\t<div class=\"elementor-element elementor-element-8385692 elementor-widget elementor-widget-text-editor\" data-id=\"8385692\" data-element_type=\"widget\" data-e-type=\"widget\" data-widget_type=\"text-editor.default\">\n\t\t\t\t<div class=\"elementor-widget-container\">\n\t\t\t\t\t\t\t\t\t<h1><b>Personvern<\/b><\/h1><p>Sist oppdatert: 8. april 2023<\/p><h3><b>1. Om Pretty Sweet<\/b><\/h3><p>Pretty Sweet AS (\u201cPretty Sweet\u201d, \u201cvi\u201d, \u201coss\u201d, \u201cv\u00e5r\u201d) er et aksjeselskap underlagt norsk lov med registreringsnummer 915 310 990 og registrert adresse Ullerudstien 17, 1446 Dr\u00f8bak, Norge.<\/p><p>Pretty Sweet AS eier og drifter nettsidene og nettbutikken p\u00e5 prettysweet.no og viratech.no, der vi tilbyr tjenester og salg av audiovisuelle produkter.<\/p><p>I forbindelse med v\u00e5re nettsider og nettbutikken behandler vi personopplysningene p\u00e5 en m\u00e5te og med form\u00e5l beskrevet i disse retningslinjene for personvern.<\/p><p><a href=\"https:\/\/www.viratech.no\/pages\/privacy\" target=\"_blank\" rel=\"noopener\">Se personvernet til Viratech AS og viratech.no her.<\/a><\/p><p>Hvis du har sp\u00f8rsm\u00e5l vedr\u00f8rende disse retningslinjene, eller v\u00e5r bruk av dine personopplysninger, kan du ta kontakt med oss p\u00e5:<\/p><p>Pretty Sweet AS<br \/>Ullerudstien 17,<br \/>1446 Dr\u00f8bak, Norge.<br \/>Reg. no. 915 310 990<br \/>Epost:\u00a0<a href=\"mailto:post@prettysweet.no\">post@prettysweet.no<\/a><\/p><h3><b>2. V\u00e5r forpliktelse ift personvern<\/b><\/h3><p>Disse retningslinjene oppgir informasjon om hvordan vi prosesserer dine personlige data n\u00e5r du handler hos Pretty Sweet.<\/p><p>Med forsvarlig bruk av personopplysninger innsamlet fra nettsiden v\u00e5r, mener vi at vi kan tilby de beste vilk\u00e5rene for \u00e5 tilpasse nettsiden til v\u00e5re brukere\/kunder. I dette skrivet forklares det hvordan vi samler og bruker dine personopplysninger n\u00e5r du bes\u00f8ker prettysweet.no<\/p><h3><b>3. Hva er personopplysninger?<\/b><\/h3><p>Personopplysninger er all informasjon relatert til en identifisert eller identifiserbar privatperson. En identifiserbar privatperson er en person som kan gjenkjennes, direkte eller indirekte, via en referanse som navn, identifiseringsnummer eller en eller flere elementer som er unike for \u00e5 identifisere en privatperson.<\/p><h3><b>4. Hvilke personopplysninger bruker vi, og hvorfor?<\/b><\/h3><p>Personopplysningene vi samler fra\/om deg vil bli brukt til forskjellige form\u00e5l i forbindelse med din bruk av prettysweet.no. Hvis du ikke gir oss n\u00f8dvendig personlig informasjon vil v\u00e5re muligheter til \u00e5 utf\u00f8re disse form\u00e5lene v\u00e6re begrenset.<\/p><p>Opplysninger kan registreres og lagres n\u00e5r du registrerer deg p\u00e5 prettysweet.no, n\u00e5r du er i kontakt med salg og support enten via e-post, chat eller n\u00e5r du bruker v\u00e5re tjenester.<\/p><p>N\u00e5r du bruker v\u00e5re nettsider, kan Pretty Sweet samle de f\u00f8lgende personopplysninger:<\/p><ul><li aria-level=\"1\">Fullt navn<\/li><li aria-level=\"1\">Kontaktinformasjon (adresse, epost, telefonnummer osv.)<\/li><li aria-level=\"1\">Referansenummer\/kundenummer<\/li><li aria-level=\"1\">Detaljer om kundens oppf\u00f8rsel og m\u00f8nster<\/li><\/ul><p>V\u00e5rt nettsted er opprettet i WordPress hos one.com, data lagres\u00a0p\u00e5 datasentre i Danmark.<\/p><h3><b>5. V\u00e5r bruk av dine personopplysninger<\/b><\/h3><p>Vi bruker dine personopplysninger for \u00e5 oppfylle behovene beskrevet under.<\/p><p>Administrasjon \u2013 Opprette og bevare ditt forhold til Pretty Sweet.<\/p><p>Samsvar med lover og reguleringer \u2013 Vi bruker dine data til \u00e5 samsvare med lover og regler som Pretty Sweet er p\u00e5lagt i forbindelse med driften av bedriften.<\/p><p>Pretty Sweet bruker ikke dine personopplysninger for \u00e5 ta avgj\u00f8relser basert p\u00e5 automatisk behandling, inkludert profilering.\u00a0<\/p><p>Pretty Sweet er opptatt av at personopplysninger som vi behandler til enhver tid er oppdatert og korrekt. Derfor ber vi deg om at du alltid oppdaterer din personlige informasjon dersom endringer har forekommet. Slik kan vi sikre at dine personopplysninger alltid er korrekt og oppdatert.<\/p><h3><b>6. Underleverand\u00f8rer<\/b><\/h3><p>Vi benytter seg ogs\u00e5 av tjenester levert av tredjepart. Her er en oversikt over underleverand\u00f8rer hvor informasjon kan lagres.<\/p><p>Workspace fra Google:<br \/>Workspace fra Google benyttes blant annet til h\u00e5ndtering av e-post, dokumenter (Google Disk\/Suite). Informasjon lagres i disse systemene og e-postkorrespondanse eller dokumenter kan v\u00e6re lagret hos Workspace by Google.<\/p><p>Google Analytics:<br \/>Google Analytics benyttes for analyse av trafikk. IP-adresser og bes\u00f8ksm\u00f8nster lagres.<\/p><p>Tripletex AS:<br \/>Tripletex er v\u00e5rt regnskapssystem og data n\u00f8dvendig for bokf\u00f8ring lagres her. Typisk Navn\/adresse\/ordrer\/faktura.<\/p><p>Bring:<br \/>Vi sender pakker med Bring og deler s\u00e5ledes informasjon relatert til frakt slik som navn, telefonnummer og adresse.<\/p><h3><b>7. Kommunikasjon gjennom e-post og sms<\/b><\/h3><p>Som kunde vil du kunne motta e-post og sms rundt ditt kundeforhold. F.eks vil vi sende deg e-post\/sms relatert til ordre du har lagt inn, sms med sporingsnummer, glemt passord, informasjon rundt din kundekonto, ol. Dette er definert som berettiget interesse og det vil ikke bes om samtykke til.<\/p><p>Vi benytter ogs\u00e5 e-post til markedsf\u00f8ring og kommunikasjon. Som kunde av oss vil du med jevne mellomrom motta nyhetsbrev s\u00e5 fremst du har gitt et aktivt samtykke til det. Det er mulig \u00e5\u00a0 melde seg av nyhetsbrev ved \u00e5 klikke p\u00e5 avmeldingslinken i e-postene.<\/p><h3><b>8. Det rettslige grunnlaget for behandling av personopplysninger<\/b><\/h3><p>Vi prosesserer dine generelle personlige data p\u00e5 en av de f\u00f8lgende lovlige grunnlagene:<\/p><p>(i) i forbindelse med legitime interesser, f.eks. form\u00e5lene beskrevet over; (ii) i oppfyllelsen av en juridisk forpliktelse p\u00e5lagt av Pretty Sweet (iii) i tillegg kan det v\u00e6re situasjoner der vi behandler dine personopplysninger i tredjeparts legitime interesse med hensyn til form\u00e5lene beskrevet ovenfor, med mindre dine interesser blir tilsidesatt av tredjeparts interesser.<\/p><h3><b>9. Avdekking av dine personopplysninger<\/b><\/h3><p>Pretty Sweet avdekker kun dine personopplysninger dersom det er n\u00f8dvendig for \u00e5 fullf\u00f8re selskapets form\u00e5l, inkludert for \u00e5 oppfylle form\u00e5lene beskrevet over.\u00a0<\/p><p>Pretty Sweet kan ogs\u00e5 avdekke og\/eller overf\u00f8re dine personopplysninger til andre leverand\u00f8rer og\/eller tjenesteleverand\u00f8r i tilknytning til det generelle form\u00e5let for selskapet (Pretty Sweet), for eksempel i tilknytning til en ekstern administrasjon av v\u00e5rt datasystem, analyser, markedsf\u00f8ring, gjeldsinnkreving, kredittvurdering, revidering, juridisk hjelp, osv.<\/p><p>Pretty Sweet streber etter \u00e5 begrense utlevering av personopplysninger p\u00e5 pseudonymisert m\u00e5te i den grad det er mulig.<\/p><p>Pretty Sweet videreformidler ikke dine personopplysninger med mindre dette er n\u00f8dvendig for v\u00e5r drift, eller for \u00e5 m\u00f8te dine behov.<\/p><p>Pretty Sweet overf\u00f8rer ikke dine personopplysninger til land utenfor EU \/ EEA.<\/p><h3><b>10. Dataintegritet og sikkerhet<\/b><\/h3><p>Personopplysninger er kun lagret i det n\u00f8dvendige tidsrommet hvor de f\u00f8rst ble samlet, med mindre videre lagring er n\u00f8dvendig for innretting av krav iht norsk lov, inkludert lovfestede lagringsperioder for f.eks bokf\u00f8ring mm.<\/p><p>Pretty Sweet har som policy \u00e5 beskytte kundens personopplysninger ved \u00e5 ta adekvate tekniske og organisatoriske sikkerhetstiltak. N\u00e5r dine personopplysninger ikke lengre beh\u00f8ves, kan vi garantere at de blir slettet p\u00e5 en sikker m\u00e5te.<\/p><h3><b>11. Dine rettigheter<\/b><\/h3><p>Du har til enhver tid rett til \u00e5 hevde dine rettigheter etter gjeldende lov om databeskyttelse.\u00a0<\/p><p>Du kan, blant annet, be om informasjon om de personopplysninger som Pretty Sweet har om deg, og om hvordan disse behandles av oss. Du har ogs\u00e5 rett til \u00e5 motsi at dine personopplysninger brukes i direkte markedsf\u00f8ring. I tillegg kan du be om korrigering eller sletting av hvilken som helst lagret informasjon om deg selv som er inkorrekt, og dermed bruke din rett til dataportabilitet, jfr. Punkt 5.<\/p><p>Dersom du \u00f8nsker \u00e5 benytte deg av \u00e9n eller flere av dine rettigheter, vennligst kontakt oss p\u00e5 e-post post@prettysweet.no. Din henvendelse vil bli behandlet i samsvar med gjeldende lovgivning for databeskyttelse.<\/p><p>Klager p\u00e5 Pretty Sweet i forhold til v\u00e5r behandling av dine personopplysninger kan sendes til Datatilsynet i Norge:\u00a0<\/p><p>Datatilsynet<br \/>Tollbugata 3<br \/>0152 Oslo<br \/>E-post:\u00a0<a href=\"mailto:postkasse@datatilsynet.no\">postkasse@datatilsynet.no<\/a><\/p><h3><b>12. Oppdateringer<\/b><\/h3><p>Pretty Sweet evaluerer og oppdaterer personvernet p\u00e5 en jevnlig basis. Du burde derfor sjekke personvernet regelmessig for eventuelle endringer som kan p\u00e5virke behandlingen av dine personopplysninger.<\/p>\t\t\t\t\t\t\t\t<\/div>\n\t\t\t\t<\/div>\n\t\t\t\t\t<\/div>\n\t\t\t\t<\/div>\n\t\t<div data-particle_enable=\"false\" data-particle-mobile-disabled=\"false\" class=\"elementor-element elementor-element-ae016e9 e-flex e-con-boxed e-con e-parent\" data-id=\"ae016e9\" data-element_type=\"container\" data-e-type=\"container\" data-settings=\"{&quot;background_background&quot;:&quot;classic&quot;}\">\n\t\t\t\t\t<div class=\"e-con-inner\">\n\t\t\t\t<div class=\"elementor-element elementor-element-288eebb elementor-widget-divider--view-line elementor-widget elementor-widget-divider\" data-id=\"288eebb\" data-element_type=\"widget\" data-e-type=\"widget\" data-widget_type=\"divider.default\">\n\t\t\t\t<div class=\"elementor-widget-container\">\n\t\t\t\t\t\t\t<div class=\"elementor-divider\">\n\t\t\t<span class=\"elementor-divider-separator\">\n\t\t\t\t\t\t<\/span>\n\t\t<\/div>\n\t\t\t\t\t\t<\/div>\n\t\t\t\t<\/div>\n\t\t\t\t\t<\/div>\n\t\t\t\t<\/div>\n\t\t\t\t<\/div>","protected":false},"excerpt":{"rendered":"<p>Personvern Sist oppdatert: 8. april 2023 1. Om Pretty Sweet Pretty Sweet AS (\u201cPretty Sweet\u201d, \u201cvi\u201d, \u201coss\u201d, \u201cv\u00e5r\u201d) er et aksjeselskap underlagt norsk lov med registreringsnummer 915 310 990 og registrert adresse Ullerudstien 17, 1446 Dr\u00f8bak, Norge. Pretty Sweet AS eier og drifter nettsidene og nettbutikken p\u00e5 prettysweet.no og viratech.no, der vi tilbyr tjenester og [&hellip;]<\/p>\n","protected":false},"author":1,"featured_media":0,"parent":0,"menu_order":0,"comment_status":"closed","ping_status":"closed","template":"elementor_header_footer","meta":{"_acf_changed":false,"footnotes":""},"class_list":["post-1255","page","type-page","status-publish","hentry"],"acf":[],"_links":{"self":[{"href":"https:\/\/prettysweet.no\/en\/wp-json\/wp\/v2\/pages\/1255","targetHints":{"allow":["GET"]}}],"collection":[{"href":"https:\/\/prettysweet.no\/en\/wp-json\/wp\/v2\/pages"}],"about":[{"href":"https:\/\/prettysweet.no\/en\/wp-json\/wp\/v2\/types\/page"}],"author":[{"embeddable":true,"href":"https:\/\/prettysweet.no\/en\/wp-json\/wp\/v2\/users\/1"}],"replies":[{"embeddable":true,"href":"https:\/\/prettysweet.no\/en\/wp-json\/wp\/v2\/comments?post=1255"}],"version-history":[{"count":3,"href":"https:\/\/prettysweet.no\/en\/wp-json\/wp\/v2\/pages\/1255\/revisions"}],"predecessor-version":[{"id":2171,"href":"https:\/\/prettysweet.no\/en\/wp-json\/wp\/v2\/pages\/1255\/revisions\/2171"}],"wp:attachment":[{"href":"https:\/\/prettysweet.no\/en\/wp-json\/wp\/v2\/media?parent=1255"}],"curies":[{"name":"wp","href":"https:\/\/api.w.org\/{rel}","templated":true}]}}